{"id":264877,"date":"2024-07-25T14:55:12","date_gmt":"2024-07-25T12:55:12","guid":{"rendered":"https:\/\/secc.nu\/?page_id=264877"},"modified":"2024-07-25T14:55:14","modified_gmt":"2024-07-25T12:55:14","slug":"secc-2024-per-bengtson","status":"publish","type":"page","link":"https:\/\/secc.se\/en\/secc-2024\/secc-2024-per-bengtson","title":{"rendered":"SECC 2024: Per Bengtson"},"content":{"rendered":"<p>[et_pb_section fb_built=&#8221;1&#8243; fullwidth=&#8221;on&#8221; _builder_version=&#8221;4.24.2&#8243; _module_preset=&#8221;default&#8221; height=&#8221;25vh&#8221; locked=&#8221;off&#8221; global_colors_info=&#8221;{}&#8221;][et_pb_fullwidth_header title=&#8221;SECC 2024: Per Bengtson&#8221; _builder_version=&#8221;4.24.2&#8243; _module_preset=&#8221;default&#8221; background_color=&#8221;rgba(0,0,0,0.31)&#8221; background_image=&#8221;https:\/\/secc.se\/wp-content\/uploads\/2024\/03\/SECC-2022-forarsate-wide.jpg&#8221; background_blend=&#8221;multiply&#8221; min_height=&#8221;25vh&#8221; global_colors_info=&#8221;{}&#8221;][\/et_pb_fullwidth_header][\/et_pb_section][et_pb_section fb_built=&#8221;1&#8243; _builder_version=&#8221;4.24.2&#8243; _module_preset=&#8221;default&#8221; global_colors_info=&#8221;{}&#8221;][et_pb_row admin_label=&#8221;Rad&#8221; _builder_version=&#8221;4.24.2&#8243; _module_preset=&#8221;default&#8221; global_colors_info=&#8221;{}&#8221;][et_pb_column type=&#8221;4_4&#8243; _builder_version=&#8221;4.24.2&#8243; _module_preset=&#8221;default&#8221; global_colors_info=&#8221;{}&#8221;][et_pb_text _builder_version=&#8221;4.27.0&#8243; _module_preset=&#8221;default&#8221; text_font=&#8221;||||||||&#8221; header_3_font=&#8221;||||||||&#8221; header_3_font_size=&#8221;1.8em&#8221; custom_css_free_form=&#8221;selector h3 {||  font-weight: 100;||}&#8221; global_colors_info=&#8221;{}&#8221;]<\/p>\n<h3>Per Bengtson \u2013 8 plats 19:01:32<\/h3>\n<p>[\/et_pb_text][\/et_pb_column][\/et_pb_row][et_pb_row column_structure=&#8221;1_2,1_2&#8243; _builder_version=&#8221;4.24.2&#8243; _module_preset=&#8221;default&#8221; global_colors_info=&#8221;{}&#8221;][et_pb_column type=&#8221;1_2&#8243; _builder_version=&#8221;4.24.2&#8243; _module_preset=&#8221;default&#8221; global_colors_info=&#8221;{}&#8221;][et_pb_text _builder_version=&#8221;4.27.0&#8243; _module_preset=&#8221;default&#8221; hover_enabled=&#8221;0&#8243; global_colors_info=&#8221;{}&#8221; sticky_enabled=&#8221;0&#8243;]<\/p>\n<h3>Sammanfattning<\/h3>\n<p><strong>Sluttid:<\/strong> 19:01:32<br \/><strong>Placering:<\/strong> 8<\/p>\n<p>&nbsp;<\/p>\n<h3>T\u00e4vlingen<\/h3>\n<p><strong>Delstr\u00e4cka 1: Ystad \u2013 Link\u00f6ping<\/strong><br \/><strong>(407 km, 4t24m, 175 Wh\/km, 99-8%)<\/strong><br \/>Laddning: Allegro 8-63%, 44 kWh, 21 minuter, snitteffekt 125 kW<br \/>Kommentar: Resan till Link\u00f6ping gick enligt plan. Jag provade f\u00f6rst ladda vid Cirkle K men fick bara 75 kW pga h\u00f6g belastning vid stationen. Byte av laddst\u00e4lle och problem att f\u00e5 ig\u00e5ng Allegro laddarna f\u00f6rdr\u00f6jde stoppet med totalt ca 15 minuter. Jag fick inte heller full effekt.<\/p>\n<p><strong>Delstr\u00e4cka 2: Link\u00f6ping &#8211; Cirkle K Kungens kurva<\/strong><br \/><strong>(186 km, 1t 46m, 212 Wh\/km, 63-11%)<\/strong><br \/>Laddning: Cirkle K 11-53%, 34 kWh 14 minuter, snitteffekt 145 kW<br \/>Kommentar: Jag hade egentligen t\u00e4nkt k\u00f6ra hela v\u00e4gen till Uppsala efter stoppet i Link\u00f6ping, men ett ih\u00e4rdigt regnande \u00f6kade f\u00f6rbrukningen kraftigt och jag fick revidera min plan f\u00f6r de tv\u00e5 efterf\u00f6ljande etapperna. Cirkle K laddarna vid Kungens kurva ligger bra till, s\u00e5 det blev \u00e4nd\u00e5 ett lyckat stopp. D\u00e4remot laddade jag f\u00f6r mycket. N\u00e4r jag k\u00f6rde loppet med min EV6 GT f\u00f6rra \u00e5ret var f\u00f6rbrukningen skyh\u00f6g p\u00e5 120-v\u00e4gen norr om Uppsala, s\u00e5 jag var nerv\u00f6s att det skulle bli samma sak i \u00e5r och tog i lite f\u00f6r mycket med laddningen.<\/p>\n<p><strong>Delstr\u00e4cka 3: Kungens kurva \u2013 G\u00e4vlebro<\/strong><br \/><strong>(178 km, 1t 44m, 188 Wh\/km, 53-9%)<\/strong><br \/>Laddning: Cirkle K 9-49%, 32 kWh, 12 minuter, snitteffekt 160 kW<br \/>Kommentar: K\u00f6rningen gick bra och bilen lite sn\u00e5lare \u00e4n vad jag r\u00e4knat med. D\u00e4remot fick jag g\u00e4rnsl\u00e4pp vad det g\u00e4ller laddningen. Str\u00e4ckan Kungens kurva \u2013 G\u00e4vlebro fanns med i en av de backup planer jag gjort inf\u00f6r t\u00e4vlingen. Jag skulle ladda till 54% men kollade p\u00e5 fel str\u00e4cka och kopplade ut med 49% ist\u00e4llet. Se vidare i kommentar en f\u00f6r n\u00e4sta delstr\u00e4cka.<\/p>\n<p><strong>Delstr\u00e4cka 4: G\u00e4vlebro \u2013 Gnarp<\/strong><br \/><strong>(167 km, 1t 39m, 184 Wh\/km, 49-8%)<\/strong><br \/>Laddning: Cirkle K 8-54%, 38 kWh, 14 minuter, snitteffekt 163 kW<br \/>Kommentar: Min plan f\u00f6r denna delstr\u00e4cka var att k\u00f6ra hela v\u00e4gen till Ionity i Sundsvall, men p\u00e5 grund av att jag kopplade ut f\u00f6r tidigt i G\u00e4vlebro stod det efter ett tag klart att det var h\u00f6gst tveksamt om jag kunde n\u00e5 Sundsvall utan att s\u00e4nka farten rej\u00e4lt. S\u00e5 det fick bli till att stanna i Gnarp ist\u00e4llet och \u00e4n en g\u00e5ng revidera mina planer f\u00f6r resten av resan. \u00c4n v\u00e4rre, kv\u00e4llens\/nattens enda kaffe var planerad att k\u00f6pas p\u00e5 Cirkle K i Sundsvall. S\u00e5 jag fick klara mig utan kaffe under resan. Laddstationen i Gnarp ligger dock v\u00e4ldigt bra till direkt invid E4, s\u00e5 den kan bli aktuell igen n\u00e4sta \u00e5r.<\/p>\n<p><strong>Delstr\u00e4cka 5: Gnarp \u2013 \u00d6rnsk\u00f6ldsvik<\/strong><br \/><strong>(193 km, 2t 03m, 187 Wh\/km, 54-6%)<\/strong><br \/>Laddning: Cirkle K 6-42%, 30 kWh, 12 minuter, snitteffekt 150 kW<br \/>Kommentar: Allt gick som planerat b\u00e5de med laddning och k\u00f6rning.<\/p>\n<p><strong>Delstr\u00e4cka 6: \u00d6rnsk\u00f6ldsvik \u2013 Bygde\u00e5<\/strong><br \/><strong>(152 km, 1t 32m, 195 Wh\/km, 42-3%)<\/strong><br \/>Laddning: Eviny 3-44%, 34 kWh, 14 minuter, snitteffekt 146 kW<br \/>Kommentar: En bra planerad str\u00e4cka d\u00e4r jag kom in med l\u00e5g SoC utan att f\u00f6r den skull beh\u00f6va vara nerv\u00f6s eller s\u00e4nka farten. D\u00e4remot levererar inte Eviny-laddaren den effekt den utlovar (jag upplevde samma sak f\u00f6rra \u00e5ret). Det \u00e4r tv\u00e5 kabler p\u00e5 den och den ska kunna leverera upp till 360 kW. Men jag f\u00e5r &#8221;bara&#8221; 180 kW \u00e4ven n\u00e4r jag \u00e4r ensam vid laddaren. Laddstationen \u00e4r dock utm\u00e4rkt placerad direkt invid E4 och Eviny har marknadens i s\u00e4rklass b\u00e4sta laddapp.<\/p>\n<p>&nbsp;<\/p>\n<p>[\/et_pb_text][\/et_pb_column][et_pb_column type=&#8221;1_2&#8243; _builder_version=&#8221;4.24.2&#8243; _module_preset=&#8221;default&#8221; global_colors_info=&#8221;{}&#8221;][et_pb_text _builder_version=&#8221;4.27.0&#8243; _module_preset=&#8221;default&#8221; global_colors_info=&#8221;{}&#8221;]<\/p>\n<p><strong>Delstr\u00e4cka 7: Bygde\u00e5 \u2013 J\u00e4vre<\/strong><br \/><strong>(151 km, 1t 39m, 179 Wh\/km, 44-8%)<\/strong><br \/>Laddning: Ionity 8-51%, 35 kWh, 14 minuter, snitteffekt 150 kW<br \/>Kommentar: N\u00e4r jag kom fram till J\u00e4vre stod Leo redan d\u00e4r och laddade. Ingen av de andra laddarna gick att f\u00e5 ig\u00e5ng, s\u00e5 jag fick v\u00e4nta till Leo var klar innan jag kunde koppla in. Det tog ca 5 minuter sp\u00e5 ingen stor grej, f\u00f6rutom att mitt m\u00e5l var att komma in under 19 timmar och sluttiden ist\u00e4llet blev 19.01 p\u00e5 grund av strulet. Bilen gick sn\u00e5lare p\u00e5 denna str\u00e4cka \u00e4n p\u00e5 den f\u00f6reg\u00e5ende, s\u00e5 stoppet i Gnarp hade ocks\u00e5 det kunnat vara n\u00e5got kortare.<\/p>\n<p><strong>Delstr\u00e4cka 8: J\u00e4vre \u2013 Haparanda<\/strong><br \/><strong>(194 km, 1t 58m, 186 Wh\/km, 51-3%)<\/strong><br \/>Kommentar: Den sista str\u00e4ckan blev mest transport eftersom jag hade n\u00e5gra minuters marginal b\u00e5de till deltagarna precis framf\u00f6r och bakom mig.<\/p>\n<h3>Slutkommentar och intryck av bilen<\/h3>\n<p>Det h\u00e4r var femte \u00e5ret jag k\u00f6rde SECC (med fem olika bilar dessutom). Jag tror aldrig f\u00f6ruts\u00e4ttningarna har varit s\u00e5 goda som i \u00e5r. Det var betydligt kortare str\u00e4ckor med v\u00e4garbeten \u00e4n tidigare \u00e5r och inga andra st\u00f6rre f\u00f6rdr\u00f6jningar. Vindkraftsverktransporten p\u00e5verkade s\u00e5klart en del, men det har varit liknande situationer \u00e4ven andra \u00e5r som f\u00f6rdr\u00f6jt oss lika mycket eller mer. \u00c4ven v\u00e4dret var gynnsamt med svaga men sydliga vindar l\u00e4ngs stora delar av str\u00e4ckan. \u00d6sregnet mellan Link\u00f6ping och Stockholm var lite jobbigt men p\u00e5verkade en relativt kort del av den totala str\u00e4ckan. Och det regnade inte s\u00e5 mycket s\u00e5 man beh\u00f6vde s\u00e4nka farten, som varit fallet en del andra \u00e5r.<\/p>\n<p>Vad det g\u00e4ller i4:an s\u00e5 \u00e4r det en v\u00e4ldigt trevlig och kompetent l\u00e5ngf\u00e4rdsbil. Det finns potential att f\u00f6rb\u00e4ttra mitt resultat med minst 15-20 minuter, med lite b\u00e4ttre flyt vid laddarna. D\u00e4remot var f\u00f6rbrukningen lite h\u00f6gre \u00e4n vad jag r\u00e4knat med, ca 20% h\u00f6gre \u00e4n den Model 3 som k\u00f6rde samma str\u00e4cka som jag. En i4 eDrive 40 hade varit \u00e4nnu mer konkurrenskraftig, eftersom den har betydligt l\u00e4gre f\u00f6rbrukning \u00e4n M50. Vad det g\u00e4ller laddningen s\u00e5 \u00e4r det ett gigantiskt nerk\u00f6p j\u00e4mf\u00f6rt med Kia EV6 som jag k\u00f6rt med tidigare. Jag lyckades \u00e4nd\u00e5 f\u00e5 en vettig snitteffekt p\u00e5 laddningen under t\u00e4vlingen (ca 150 kW), men det var f\u00f6r att jag k\u00f6rde korta delstr\u00e4ckor. Effekten sjunker ganska snabbt s\u00e5 det g\u00e4ller att komma in med l\u00e5g SoC och ladda s\u00e5 lite som m\u00f6jligt. Under \u201dvanliga\u201d resor \u00e4r dock laddningen helt adekvat. Jag \u00f6verladdade vid n\u00e4stan varje stopp p\u00e5 v\u00e4gen hem d\u00e5 bilen var klar innan jag var redo att \u00e5ka vidare. Det s\u00e4msta med bilen \u00e4r dock ruttplaneraren. Den \u00f6verdriver r\u00e4ckvidd och konsumtion \u00e5 det gr\u00f6vsta, s\u00e5 det g\u00e4ller att ladda 5-10% mer \u00e4n vad bilen rekommenderar. Riktigt kasst faktiskt, n\u00e4r det \u00e4r fel \u00e5t det h\u00e5llet.<\/p>\n<p>Till sist vill jag passa p\u00e5 att tacka Jens som arrangerade t\u00e4vlingen och alla deltagare som g\u00f6r den till en av \u00e5rets h\u00f6jdpunkter f\u00f6r mig. Ett riktigt h\u00e4rligt g\u00e4ng! Till er som funderar p\u00e5 att k\u00f6ra f\u00f6r f\u00f6rsta g\u00e5ngen n\u00e4sta \u00e5r: Se till att h\u00e4nga kvar i Haparanda och var med p\u00e5 barh\u00e4nget och middagen. Det \u00e4r n\u00e4stan mer \u00e4n halva n\u00f6jet med t\u00e4vlingen!<\/p>\n<p>[\/et_pb_text][\/et_pb_column][\/et_pb_row][et_pb_row _builder_version=&#8221;4.27.0&#8243; _module_preset=&#8221;default&#8221; global_colors_info=&#8221;{}&#8221;][et_pb_column type=&#8221;4_4&#8243; _builder_version=&#8221;4.27.0&#8243; _module_preset=&#8221;default&#8221; global_colors_info=&#8221;{}&#8221;][et_pb_text _builder_version=&#8221;4.27.0&#8243; _module_preset=&#8221;default&#8221; hover_enabled=&#8221;0&#8243; global_colors_info=&#8221;{}&#8221; sticky_enabled=&#8221;0&#8243;]<\/p>\n<div id=\"footable_parent_264903\"\n         class=\" footable_parent ninja_table_wrapper loading_ninja_table wp_table_data_press_parent semantic_ui \">\n                <table data-ninja_table_instance=\"ninja_table_instance_0\" data-footable_id=\"264903\" data-filter-delay=\"1000\" aria-label=\"SECC 2024 Per Bengtson\"            id=\"footable_264903\"\n           data-unique_identifier=\"ninja_table_unique_id_375025975_264903\"\n           class=\" foo-table ninja_footable foo_table_264903 ninja_table_unique_id_375025975_264903 ui table  nt_type_ajax_table selectable striped vertical_centered  footable-paging-right ninja_table_search_disabled\">\n                <colgroup>\n                            <col class=\"ninja_column_0 \">\n                            <col class=\"ninja_column_1 \">\n                            <col class=\"ninja_column_2 \">\n                            <col class=\"ninja_column_3 \">\n                            <col class=\"ninja_column_4 \">\n                            <col class=\"ninja_column_5 \">\n                            <col class=\"ninja_column_6 \">\n                            <col class=\"ninja_column_7 \">\n                            <col class=\"ninja_column_8 \">\n                    <\/colgroup>\n            <\/table>\n    \n    \n    \n<\/div>\n\n<p>[\/et_pb_text][\/et_pb_column][\/et_pb_row][\/et_pb_section]<\/p>\n","protected":false},"excerpt":{"rendered":"<p>Per Bengtson \u2013 8 plats 19:01:32Sammanfattning Sluttid: 19:01:32Placering: 8 &nbsp; T\u00e4vlingen Delstr\u00e4cka 1: Ystad \u2013 Link\u00f6ping(407 km, 4t24m, 175 Wh\/km, 99-8%)Laddning: Allegro 8-63%, 44 kWh, 21 minuter, snitteffekt 125 kWKommentar: Resan till Link\u00f6ping gick enligt plan. Jag provade f\u00f6rst ladda vid Cirkle K men fick bara 75 kW pga h\u00f6g belastning vid stationen. Byte av [&hellip;]<\/p>\n","protected":false},"author":1,"featured_media":0,"parent":264773,"menu_order":0,"comment_status":"closed","ping_status":"closed","template":"","meta":{"_et_pb_use_builder":"on","_et_pb_old_content":"","_et_gb_content_width":"","inline_featured_image":false,"footnotes":""},"dipi_cpt_category":[],"class_list":["post-264877","page","type-page","status-publish","hentry"],"_links":{"self":[{"href":"https:\/\/secc.se\/en\/wp-json\/wp\/v2\/pages\/264877","targetHints":{"allow":["GET"]}}],"collection":[{"href":"https:\/\/secc.se\/en\/wp-json\/wp\/v2\/pages"}],"about":[{"href":"https:\/\/secc.se\/en\/wp-json\/wp\/v2\/types\/page"}],"author":[{"embeddable":true,"href":"https:\/\/secc.se\/en\/wp-json\/wp\/v2\/users\/1"}],"replies":[{"embeddable":true,"href":"https:\/\/secc.se\/en\/wp-json\/wp\/v2\/comments?post=264877"}],"version-history":[{"count":7,"href":"https:\/\/secc.se\/en\/wp-json\/wp\/v2\/pages\/264877\/revisions"}],"predecessor-version":[{"id":264904,"href":"https:\/\/secc.se\/en\/wp-json\/wp\/v2\/pages\/264877\/revisions\/264904"}],"up":[{"embeddable":true,"href":"https:\/\/secc.se\/en\/wp-json\/wp\/v2\/pages\/264773"}],"wp:attachment":[{"href":"https:\/\/secc.se\/en\/wp-json\/wp\/v2\/media?parent=264877"}],"wp:term":[{"taxonomy":"dipi_cpt_category","embeddable":true,"href":"https:\/\/secc.se\/en\/wp-json\/wp\/v2\/dipi_cpt_category?post=264877"}],"curies":[{"name":"wp","href":"https:\/\/api.w.org\/{rel}","templated":true}]}}